{"id":13,"date":"2016-11-08T19:40:39","date_gmt":"2016-11-08T19:40:39","guid":{"rendered":"http:\/\/cms.brunner-ident.de\/?page_id=13"},"modified":"2023-03-15T08:28:52","modified_gmt":"2023-03-15T07:28:52","slug":"ueber-uns","status":"publish","type":"page","link":"https:\/\/www.brunner-ident.de\/?page_id=13&lang=de","title":{"rendered":"Start [de]"},"content":{"rendered":"\t\t<div data-elementor-type=\"wp-post\" data-elementor-id=\"13\" class=\"elementor elementor-13\">\n\t\t\t\t\t\t<section class=\"elementor-section elementor-top-section elementor-element elementor-element-wozb0q3 elementor-section-boxed elementor-section-height-default elementor-section-height-default\" data-id=\"wozb0q3\" data-element_type=\"section\">\n\t\t\t\t\t\t<div class=\"elementor-container elementor-column-gap-default\">\n\t\t\t\t\t<div class=\"elementor-column elementor-col-100 elementor-top-column elementor-element elementor-element-7779336\" data-id=\"7779336\" data-element_type=\"column\">\n\t\t\t<div class=\"elementor-widget-wrap elementor-element-populated\">\n\t\t\t\t\t\t<div class=\"elementor-element elementor-element-grzd0zp elementor-widget elementor-widget-menu-anchor\" data-id=\"grzd0zp\" data-element_type=\"widget\" data-widget_type=\"menu-anchor.default\">\n\t\t\t\t<div class=\"elementor-widget-container\">\n\t\t\t\t\t\t\t<div class=\"elementor-menu-anchor\" id=\"about\"><\/div>\n\t\t\t\t\t\t<\/div>\n\t\t\t\t<\/div>\n\t\t\t\t<div class=\"elementor-element elementor-element-pmc4ltf elementor-widget elementor-widget-spacer\" data-id=\"pmc4ltf\" data-element_type=\"widget\" data-widget_type=\"spacer.default\">\n\t\t\t\t<div class=\"elementor-widget-container\">\n\t\t\t\t\t\t\t<div class=\"elementor-spacer\">\n\t\t\t<div class=\"elementor-spacer-inner\"><\/div>\n\t\t<\/div>\n\t\t\t\t\t\t<\/div>\n\t\t\t\t<\/div>\n\t\t\t\t<div class=\"elementor-element elementor-element-j6hu7h2 elementor-widget elementor-widget-heading\" data-id=\"j6hu7h2\" data-element_type=\"widget\" data-widget_type=\"heading.default\">\n\t\t\t\t<div class=\"elementor-widget-container\">\n\t\t\t\t\t<h2 class=\"elementor-heading-title elementor-size-default\">\u00dcber uns<\/h2>\t\t\t\t<\/div>\n\t\t\t\t<\/div>\n\t\t\t\t<div class=\"elementor-element elementor-element-pass99y elementor-widget elementor-widget-text-editor\" data-id=\"pass99y\" data-element_type=\"widget\" data-widget_type=\"text-editor.default\">\n\t\t\t\t<div class=\"elementor-widget-container\">\n\t\t\t\t\t\t\t\t\t<p><span style=\"color: #000000\">brunner.<\/span><span style=\"color: #ff0000\">ident<\/span> ist seit mehr als 20 Jahren sehr erfolgreich in der Beschaffung des Produktionsbedarfs f\u00fcr Unternehmen in unterschiedlichsten Industriezweigen t\u00e4tig.<\/p><p>Sie haben Ihren Unternehmenssitz in den USA oder Kanada und planen eine Niederlassung in Deutschland zu gr\u00fcnden? Wir bieten Ihnen daf\u00fcr umfassende Unterst\u00fctzung aus einer Hand, bis hin zum Interim-Management.<\/p><p>Wir unterst\u00fctzen deren Einkauf u. a. durch das Kitting System, d. h. wir kaufen f\u00fcr Sie ein und liefern projektbezogen sogenannte \u201ePakete\u201c mit den von Ihnen vorgegebenen verschiedenen Komponenten fristgerecht, k\u00fcmmern uns um Lagerhaltung und Fertigung seitens der Lieferanten etc..<\/p><p>Wir beliefern seit mehr als 20 Jahren weltweit erfolgreichste Unternehmen als deren Systemlieferant.<\/p><p>Dieses System spart Ihnen neben Lagerkapazit\u00e4ten viel Zeit und Geld, denn Sie haben mit uns nur einen Ansprechpartner f\u00fcr viele unterschiedliche Artikel und wir bieten Ihnen einen Allround Service im Bereich Einkauf &#8211; mit einer Preisgestaltung, die den Erfordernissen Ihrer Wettbewerbssituation angepasst ist.<\/p><p>Gerne bieten wir auch Ihnen diese f\u00fcr Sie Kosten minimierende Dienstleistung an.<\/p><p style=\"text-align: center\"><a href=\"#products\"><span style=\"color: #ff0000\"><strong>Welche Artikel wollen Sie preiswerter einkaufen?<\/strong><\/span><\/a><\/p><p><span style=\"color: #000000\">brunner.<\/span><span style=\"color: #ff0000\">ident<\/span> bietet zus\u00e4tzlich der Industrie innovative Technologiel\u00f6sungen im Bereich des Traceability. Dabei sind wir auf die anspruchsvollen Bed\u00fcrfnisse der Automobil-, Elektronik-, Industrie- und Medizin-Applikationen spezialisiert<\/p>\t\t\t\t\t\t\t\t<\/div>\n\t\t\t\t<\/div>\n\t\t\t\t<div class=\"elementor-element elementor-element-mejvtu5 elementor-widget elementor-widget-menu-anchor\" data-id=\"mejvtu5\" data-element_type=\"widget\" data-widget_type=\"menu-anchor.default\">\n\t\t\t\t<div class=\"elementor-widget-container\">\n\t\t\t\t\t\t\t<div class=\"elementor-menu-anchor\" id=\"services\"><\/div>\n\t\t\t\t\t\t<\/div>\n\t\t\t\t<\/div>\n\t\t\t\t<div class=\"elementor-element elementor-element-3xqf4wz elementor-widget-divider--view-line elementor-widget elementor-widget-divider\" data-id=\"3xqf4wz\" data-element_type=\"widget\" data-widget_type=\"divider.default\">\n\t\t\t\t<div class=\"elementor-widget-container\">\n\t\t\t\t\t\t\t<div class=\"elementor-divider\">\n\t\t\t<span class=\"elementor-divider-separator\">\n\t\t\t\t\t\t<\/span>\n\t\t<\/div>\n\t\t\t\t\t\t<\/div>\n\t\t\t\t<\/div>\n\t\t\t\t<div class=\"elementor-element elementor-element-cqyesf0 elementor-widget elementor-widget-spacer\" data-id=\"cqyesf0\" data-element_type=\"widget\" data-widget_type=\"spacer.default\">\n\t\t\t\t<div class=\"elementor-widget-container\">\n\t\t\t\t\t\t\t<div class=\"elementor-spacer\">\n\t\t\t<div class=\"elementor-spacer-inner\"><\/div>\n\t\t<\/div>\n\t\t\t\t\t\t<\/div>\n\t\t\t\t<\/div>\n\t\t\t\t<div class=\"elementor-element elementor-element-b7es0uz elementor-widget elementor-widget-heading\" data-id=\"b7es0uz\" data-element_type=\"widget\" data-widget_type=\"heading.default\">\n\t\t\t\t<div class=\"elementor-widget-container\">\n\t\t\t\t\t<h2 class=\"elementor-heading-title elementor-size-default\">Was wir f\u00fcr unsere Kunden leisten<\/h2>\t\t\t\t<\/div>\n\t\t\t\t<\/div>\n\t\t\t\t<div class=\"elementor-element elementor-element-soxfoft elementor-widget elementor-widget-text-editor\" data-id=\"soxfoft\" data-element_type=\"widget\" data-widget_type=\"text-editor.default\">\n\t\t\t\t<div class=\"elementor-widget-container\">\n\t\t\t\t\t\t\t\t\t<p>Wir suchen, beschaffen, lagern und kommissionieren Artikel des Produktionsbedarfs in jeder Menge und liefern diese an jeden vom Kunden gew\u00fcnschten Ort, sodass diese zum vorgegebenen Termin eintrifft.<\/p><p>Sie haben Ihren Unternehmenssitz in den USA oder Kanada und planen eine Niederlassung in Deutschland zu gr\u00fcnden? Wir bieten Ihnen daf\u00fcr umfassende Unterst\u00fctzung aus einer Hand, bis hin zum Interim-Management.<\/p>\t\t\t\t\t\t\t\t<\/div>\n\t\t\t\t<\/div>\n\t\t\t\t<div class=\"elementor-element elementor-element-eoeafpq elementor-widget elementor-widget-menu-anchor\" data-id=\"eoeafpq\" data-element_type=\"widget\" data-widget_type=\"menu-anchor.default\">\n\t\t\t\t<div class=\"elementor-widget-container\">\n\t\t\t\t\t\t\t<div class=\"elementor-menu-anchor\" id=\"products\"><\/div>\n\t\t\t\t\t\t<\/div>\n\t\t\t\t<\/div>\n\t\t\t\t<div class=\"elementor-element elementor-element-qwilnee elementor-widget-divider--view-line elementor-widget elementor-widget-divider\" data-id=\"qwilnee\" data-element_type=\"widget\" data-widget_type=\"divider.default\">\n\t\t\t\t<div class=\"elementor-widget-container\">\n\t\t\t\t\t\t\t<div class=\"elementor-divider\">\n\t\t\t<span class=\"elementor-divider-separator\">\n\t\t\t\t\t\t<\/span>\n\t\t<\/div>\n\t\t\t\t\t\t<\/div>\n\t\t\t\t<\/div>\n\t\t\t\t<div class=\"elementor-element elementor-element-kl6y9hb elementor-widget elementor-widget-spacer\" data-id=\"kl6y9hb\" data-element_type=\"widget\" data-widget_type=\"spacer.default\">\n\t\t\t\t<div class=\"elementor-widget-container\">\n\t\t\t\t\t\t\t<div class=\"elementor-spacer\">\n\t\t\t<div class=\"elementor-spacer-inner\"><\/div>\n\t\t<\/div>\n\t\t\t\t\t\t<\/div>\n\t\t\t\t<\/div>\n\t\t\t\t<div class=\"elementor-element elementor-element-xvf8rdv elementor-widget elementor-widget-heading\" data-id=\"xvf8rdv\" data-element_type=\"widget\" data-widget_type=\"heading.default\">\n\t\t\t\t<div class=\"elementor-widget-container\">\n\t\t\t\t\t<h2 class=\"elementor-heading-title elementor-size-default\">Unser Lieferspektrum<\/h2>\t\t\t\t<\/div>\n\t\t\t\t<\/div>\n\t\t\t\t<div class=\"elementor-element elementor-element-8w3kau2 elementor-widget elementor-widget-text-editor\" data-id=\"8w3kau2\" data-element_type=\"widget\" data-widget_type=\"text-editor.default\">\n\t\t\t\t<div class=\"elementor-widget-container\">\n\t\t\t\t\t\t\t\t\t<p>Wir beschaffen herstellerunabh\u00e4ngig Produkte, d.h. der Kunde benennt seinen Bedarf und l\u00e4sst &#8211; sofern m\u00f6glich \u2013 Alternativen zu, die wir dann f\u00fcr ihn finden.<\/p><p>Gibt es keine alternative Freigabe, suchen wir auf dem Weltmarkt den g\u00fcnstigsten Lieferanten f\u00fcr das gesuchte Produkt. Dazu geh\u00f6ren alle aktiven, passiven, elektromechanischen sowie mechanischen Komponenten, weiterhin Kabel und kundenspezifische Sonderleistungen.<\/p><p><strong>Industrielle Kennzeichnung (Etiketten)<\/strong><\/p><ul><li>Kundenspezifische Etiketten<\/li><li>Hochtemperatur-Etiketten<\/li><li>RFID-Etiketten<\/li><li>Kabelmarkierer<\/li><li>Farbb\u00e4nder<\/li><\/ul><p><strong>Hardware<\/strong><\/p><ul><li>Thermotransferdrucker<\/li><li>Etikettenspender<\/li><li>Barcodescanner<\/li><li>Handheldterminals<\/li><li>Displays<\/li><li>Inverter<\/li><li>Kabelkonfektionierung<\/li><li>Elektronische Komponenten f\u00fcr Zugangskontrollen<\/li><\/ul><p><strong>Software<\/strong><\/p><ul><li>Etiketten Software<\/li><\/ul>\t\t\t\t\t\t\t\t<\/div>\n\t\t\t\t<\/div>\n\t\t\t\t\t<\/div>\n\t\t<\/div>\n\t\t\t\t\t<\/div>\n\t\t<\/section>\n\t\t\t\t<\/div>\n\t\t","protected":false},"excerpt":{"rendered":"<p>\u00dcber uns brunner.ident ist seit mehr als 20 Jahren sehr erfolgreich in der Beschaffung des Produktionsbedarfs f\u00fcr Unternehmen in unterschiedlichsten Industriezweigen t\u00e4tig. Sie haben Ihren Unternehmenssitz in den USA oder<\/p>\n","protected":false},"author":1,"featured_media":0,"parent":0,"menu_order":0,"comment_status":"closed","ping_status":"closed","template":"","meta":{"footnotes":""},"class_list":["post-13","page","type-page","status-publish","hentry"],"_links":{"self":[{"href":"https:\/\/www.brunner-ident.de\/index.php?rest_route=\/wp\/v2\/pages\/13","targetHints":{"allow":["GET"]}}],"collection":[{"href":"https:\/\/www.brunner-ident.de\/index.php?rest_route=\/wp\/v2\/pages"}],"about":[{"href":"https:\/\/www.brunner-ident.de\/index.php?rest_route=\/wp\/v2\/types\/page"}],"author":[{"embeddable":true,"href":"https:\/\/www.brunner-ident.de\/index.php?rest_route=\/wp\/v2\/users\/1"}],"replies":[{"embeddable":true,"href":"https:\/\/www.brunner-ident.de\/index.php?rest_route=%2Fwp%2Fv2%2Fcomments&post=13"}],"version-history":[{"count":49,"href":"https:\/\/www.brunner-ident.de\/index.php?rest_route=\/wp\/v2\/pages\/13\/revisions"}],"predecessor-version":[{"id":184,"href":"https:\/\/www.brunner-ident.de\/index.php?rest_route=\/wp\/v2\/pages\/13\/revisions\/184"}],"wp:attachment":[{"href":"https:\/\/www.brunner-ident.de\/index.php?rest_route=%2Fwp%2Fv2%2Fmedia&parent=13"}],"curies":[{"name":"wp","href":"https:\/\/api.w.org\/{rel}","templated":true}]}}